{"id":3,"date":"2024-12-10T10:09:49","date_gmt":"2024-12-10T09:09:49","guid":{"rendered":"http:\/\/catalyst-app.org\/?page_id=3"},"modified":"2025-05-07T15:35:53","modified_gmt":"2025-05-07T13:35:53","slug":"datenschutzerklaerung","status":"publish","type":"page","link":"https:\/\/catalyst-app.org\/?page_id=3","title":{"rendered":"Datenschutzhinweis"},"content":{"rendered":"\n<p><span style=\"caret-color: rgb(0, 0, 0); color: rgb(0, 0, 0); font-family: -webkit-standard; font-size: medium; white-space: normal;\">(English Version below)<\/span><\/p>\n\n\n\n<p>Die Max-Planck-Gesellschaft zur F\u00f6rderung der Wissenschaften e.V. (MPG) nimmt den Schutz Ihrer personenbezogenen Daten sehr ernst. Wir verarbeiten personenbezogene Daten, die beim Besuch unserer Webseiten erhoben werden, unter Beachtung der geltenden datenschutzrechtlichen Bestimmungen und grunds\u00e4tzlich nur, soweit dies zur Bereitstellung einer funktionsf\u00e4higen Website sowie unserer Inhalte und Leistungen erforderlich ist. Ihre Daten werden von uns weder ver\u00f6ffentlicht, noch unberechtigt an Dritte weitergegeben. Im Folgenden erl\u00e4utern wir, welche Daten wir w\u00e4hrend Ihres Besuches auf unseren Webseiten erfassen und wie genau diese verwendet werden:<\/p>\n\n\n\n<p>A. <strong>Logfiles und Cookies<\/strong><\/p>\n\n\n\n<ol class=\"wp-block-list\"><\/ol>\n\n\n\n<p>Wir verwenden keine Logfiles oder Cookies.<\/p>\n\n\n\n<p>B. <strong>Kontakt per E-Mail<\/strong><\/p>\n\n\n\n<ol class=\"wp-block-list\">\n<li><strong>Art der Daten<\/strong><\/li>\n<\/ol>\n\n\n\n<ol start=\"2\" class=\"wp-block-list\"><\/ol>\n\n\n\n<p>Auf unserer Webseite ist eine Kontakt-E-Mail-Adresse zu finden, welche f\u00fcr die elektronische Kontaktaufnahme genutzt werden kann. Nehmen Sie diese M\u00f6glichkeit wahr, werden Daten an uns \u00fcbertragen und verarbeitet. Dies beinhaltet Ihre E-Mail-Adresse und sonstige innerhalb Ihrer Mail vorhandenen Kontaktdaten (z.B. Ihr Name oder Ihre Telefonnummer) und der Inhalt Ihrer Nachricht von uns gespeichert, um Ihre Anfrage zu bearbeiten. \u00dcber die konkrete Verarbeitung der Daten informieren wir Sie im Rahmen des Nutzungsvorgangs und holen Ihre Einwilligung ein. Zudem wird auf diese Datenschutzerkl\u00e4rung verwiesen. Die Daten werden ausschlie\u00dflich f\u00fcr die Verarbeitung der Konversation verwendet.<\/p>\n\n\n\n<ol start=\"2\" class=\"wp-block-list\">\n<li><strong>Rechtsgrundlage<\/strong><\/li>\n<\/ol>\n\n\n\n<p>Rechtsgrundlage f\u00fcr die Verarbeitung der Daten bei der Nutzung des E-Mail ist Ihre Einwilligung gem\u00e4\u00df Art. 6 Abs. 1 lit. a DSGVO. Die Verarbeitung der personenbezogenen Daten aus der Kontaktaufnahme per E-Mail dient uns allein zur Bearbeitung der Kontaktaufnahme. Sie haben jederzeit die M\u00f6glichkeit, die Einwilligung zur Verarbeitung der personenbezogenen Daten per E-Mail zu widerrufen.<\/p>\n\n\n\n<ol start=\"3\" class=\"wp-block-list\">\n<li><strong>L\u00f6schung der Daten<\/strong><\/li>\n<\/ol>\n\n\n\n<p>Die Daten werden gel\u00f6scht, sobald sie f\u00fcr die Erreichung des Zweckes ihrer Erhebung nicht mehr erforderlich sind. Dies ist dann der Fall, wenn die jeweilige Konversation mit dem*der Nutzer*in beendet ist bzw. das Anliegen des*der Nutzer*in abschlie\u00dfend bearbeitet ist. Beendet ist die Konversation dann, wenn sich aus den Umst\u00e4nden entnehmen l\u00e4sst, dass der betroffene Sachverhalt abschlie\u00dfend gekl\u00e4rt ist.<\/p>\n\n\n\n<p>Sollten gesetzliche Aufbewahrungsfristen hinsichtlich der Daten gegeben sein, tritt anstelle der L\u00f6schung der Daten eine entsprechende Einschr\u00e4nkung der Verarbeitung.<\/p>\n\n\n\n<p>C. <strong>Daten\u00fcbermittlung<\/strong><\/p>\n\n\n\n<p>Die Verwaltung und Speicherung Ihrer pers\u00f6nlichen Angaben erfolgt bei ausgew\u00e4hlten Diensten<\/p>\n\n\n\n<ul class=\"wp-block-list\">\n<li>Kontakt per E-Mail (Abschnitt <strong>B<\/strong>)<\/li>\n\n\n\n<li>Hosting der Website<\/li>\n<\/ul>\n\n\n\n<p>im Rahmen der Auftragsdatenverarbeitung auf Systemen unserer Dienstleistungsunternehmens Uberspace:<\/p>\n\n\n\n<p>Jonas Pasche<br>Kaiserstr. 15<br>55116 Mainz<br>Telefon: +49 6131 3272841<br>E-Mail: hallo@uberspace.de<br>Website: https:\/\/uberspace.de\/<br><\/p>\n\n\n\n<p>Ihre personenbezogenen Daten werden nur in den gesetzlich erforderlichen F\u00e4llen bzw. zur Strafverfolgung aufgrund von Angriffen auf unsere Netzinfrastruktur an staatliche Einrichtungen und Beh\u00f6rden \u00fcbermittelt. Eine Weitergabe zu anderen Zwecken an Dritte findet nicht statt.<\/p>\n\n\n\n<p>D. <strong>Allgemeine Angaben<\/strong><\/p>\n\n\n\n<ol class=\"wp-block-list\">\n<li><strong>Kontaktdaten der Verantwortlichen<\/strong><\/li>\n<\/ol>\n\n\n\n<p>Verantwortlich im Sinne der Datenschutz-Grundverordnung und anderer nationaler Datenschutzgesetze sowie sonstiger datenschutzrechtlicher Bestimmungen ist die <\/p>\n\n\n\n<p>Max-Planck-Gesellschaft zur F\u00f6rderung der Wissenschaften e.V. (MPG)<br>Hofgartenstra\u00dfe 8<br>D-80539 M\u00fcnchen<br>Telefon: +49 (89) 2108-0<br>Kontaktformular: https:\/\/www.mpg.de\/kontakt\/anfragen<br>Internet: https:\/\/www.mpg.de<\/p>\n\n\n\n<ol start=\"2\" class=\"wp-block-list\">\n<li><strong>Kontaktdaten der Datenschutzbeauftragten<\/strong><\/li>\n<\/ol>\n\n\n\n<p>Die Datenschutzbeauftragte der Verantwortlichen ist wie folgt zu erreichen:<\/p>\n\n\n\n<p>Datenschutzbeauftragte der MPG<br>Hofgartenstra\u00dfe 8<br>D-80539 M\u00fcnchen<br>Telefon: +49 (89) 2108-1554<br><a href=\"mailto:datenschutz@mpg.de\">datenschutz@mpg.de<\/a><\/p>\n\n\n\n<p>E. <strong>Rechte der betroffenen Personen<\/strong><\/p>\n\n\n\n<ol start=\"5\" class=\"wp-block-list\"><\/ol>\n\n\n\n<p>Als betroffene Person, deren personenbezogene Daten im Rahmen der oben genannten Dienste erhoben werden, haben Sie grunds\u00e4tzlich folgende Rechte, soweit in Einzelf\u00e4llen keine gesetzlichen Ausnahmen zur Anwendung kommen:<\/p>\n\n\n\n<p>Auskunft (Art. 15 DS-GVO)<\/p>\n\n\n\n<p>Berichtigung (Art. 16 DS-GVO)<\/p>\n\n\n\n<p>L\u00f6schung (Art. 17 Abs. 1 DS-GVO)<\/p>\n\n\n\n<p>Einschr\u00e4nkung der Verarbeitung (Art. 18 DS-GVO)<\/p>\n\n\n\n<p>Daten\u00fcbertragbarkeit (Art. 20 DS-GVO)<\/p>\n\n\n\n<p>Widerspruch gegen die Verarbeitung (Art. 21 DS-GVO)<\/p>\n\n\n\n<p>Widerruf der Einwilligung (Art. 7 Abs. 3 DS-GVO)<\/p>\n\n\n\n<p>Beschwerderecht bei der Aufsichtsbeh\u00f6rde (Art. 77 DS-GVO). Dies ist f\u00fcr die MPG das Bayerische Landesamt f\u00fcr Datenschutzaufsicht, Postfach 1349, 91504 Ansbach.<\/p>\n\n\n\n<p>ENGLISH<\/p>\n\n\n\n<p>The Max-Planck-Gesellschaft zur F\u00f6rderung der Wissenschaften e.V. (MPG) takes the protection of your personal data very seriously. We process personal data gathered when visiting our websites in compliance with the applicable data protection legislation and, as a matter of principle, only to the extent that this is necessary to provide a functioning website and our content and services. We neither publish your data nor transmit them to third parties on an unauthorized basis. In the following sections, we explain which data we record when you visit one of our websites, and how exactly they are utilized:<\/p>\n\n\n\n<p>A. <strong>Server Logs and Cookies<\/strong><\/p>\n\n\n\n<p>We are not using logfiles or cookies.<\/p>\n\n\n\n<p>B. <strong>Contact by E-Mail<\/strong><\/p>\n\n\n\n<ol class=\"wp-block-list\">\n<li><strong>Type of data<\/strong><\/li>\n<\/ol>\n\n\n\n<p>On our website, you can find our contact email address which can be used to make contact electronically. If you make use of this option, data is transmitted to us and saved. This generally consists of your email address and other contact information (e.g. name or phone number) you may mention in your email and your message. We inform you about the concrete processing of your data in the course of the operation and obtain your consent accordingly. There is also a reference to this Data Privacy Statement. The data are used solely for processing the dialogue.<\/p>\n\n\n\n<ol start=\"2\" class=\"wp-block-list\">\n<li><strong>Legal basis<\/strong><\/li>\n<\/ol>\n\n\n\n<p>The legal basis for processing data in connection with use of the contact email address is your consent according to Art. 6 (1) lit. a GDPR. Processing of personal data from the email serves the sole purpose of processing the contact request. You have the option to withdraw your consent to the processing of personal data at any time by sending an email.<\/p>\n\n\n\n<ol start=\"3\" class=\"wp-block-list\">\n<li><strong>Data deletion<\/strong><\/li>\n<\/ol>\n\n\n\n<p>The data are deleted as soon as they are no longer required in order to fulfil the purpose of their collection. This is the case when the relevant dialogue with the user is finished or the processing of the user&#8217;s request has been finalized. The dialogue is finished when circumstances indicate that the matter in question has been conclusively clarified.<\/p>\n\n\n\n<p>If legal retention periods apply to the data, processing will be restricted accordingly instead of the data being deleted.<\/p>\n\n\n\n<p>C. <strong>Data transmission<\/strong><\/p>\n\n\n\n<p>The management and storage of your personal details is carried out by selected services<\/p>\n\n\n\n<ul class=\"wp-block-list\">\n<li>Contact email address catalystapp@is.mpg.de (Section <strong>B<\/strong>)<\/li>\n\n\n\n<li>Hosting of the website<\/li>\n<\/ul>\n\n\n\n<p>within the scope of commissioned data processing on systems of our service provider Uberspace:<\/p>\n\n\n\n<p>Jonas Pasche<br>Kaiserstr. 15<br>55116 Mainz<br>Telephone: +49 6131 3272841<br>E-Mail: hallo@uberspace.de<br>Website: https:\/\/uberspace.de\/<br><\/p>\n\n\n\n<p>Your personal data are only transmitted to public institutions and authorities if legally required or for the purpose of criminal prosecution due to attacks on our network infrastructure. The data are not shared with third parties for any other purposes.<\/p>\n\n\n\n<p>D. <strong>General Details<\/strong><\/p>\n\n\n\n<ol class=\"wp-block-list\">\n<li><strong><strong>Contact details of the controller<\/strong><\/strong><\/li>\n<\/ol>\n\n\n\n<p>The controller within the meaning of the General Data Protection Regulation and other national data protection acts as well as other data protection legislation is the<br>Verantwortlich im Sinne der Datenschutz-Grundverordnung und anderer nationaler Datenschutzgesetze sowie sonstiger datenschutzrechtlicher Bestimmungen ist die<\/p>\n\n\n\n<p>Max-Planck-Gesellschaft zur F\u00f6rderung der Wissenschaften e.V. (MPG)<br>Hofgartenstra\u00dfe 8<br>D-80539 M\u00fcnchen<br>Telephone: +49 (89) 2108-0<br>Contact form: https:\/\/www.mpg.de\/kontakt\/anfragen<br>Internet: https:\/\/www.mpg.de<\/p>\n\n\n\n<ol start=\"2\" class=\"wp-block-list\">\n<li><strong><strong>Data Protection Officer&#8217;s contact details<\/strong><\/strong><\/li>\n<\/ol>\n\n\n\n<p>The controller\u2019s Data Protection Officer can be reached as follows:<\/p>\n\n\n\n<p>Data Protection Officer of the MPG<br>D-80539 M\u00fcnchen<br>Telephone: +49 (89) 2108-1554<br><a href=\"mailto:datenschutz@mpg.de\">datenschutz@mpg.de<\/a><\/p>\n\n\n\n<p>E. <strong>Rights of data subjects<\/strong><\/p>\n\n\n\n<p>As a data subject whose personal data are collected in the context of the above-mentioned services, you generally have the following rights unless legal exceptions apply in individual cases:<\/p>\n\n\n\n<ul class=\"wp-block-list\">\n<li>Information (Article 15 GDPR)<\/li>\n\n\n\n<li>Correction (Article 16 GDPR)<\/li>\n\n\n\n<li>Deletion (Article 17 (1) GDPR)<\/li>\n\n\n\n<li>Restriction of processing (Article 18 GDPR)<\/li>\n\n\n\n<li>Data transmission (Article 20 GDPR)<\/li>\n\n\n\n<li>Revocation of processing (Article 21 GDPR)<\/li>\n\n\n\n<li>Revocation of consent (Article 7 (3) GDPR)<\/li>\n\n\n\n<li>Right to complain to the regulator (Article 77 GDPR). For the MPG, this is the Bavarian Data Protection Authority (BayLDA), Postfach 1349,\u00a091504 Ansbach, Germany.<\/li>\n\n\n\n<li><\/li>\n<\/ul>\n","protected":false},"excerpt":{"rendered":"<p>(English Version below) Die Max-Planck-Gesellschaft zur F\u00f6rderung der Wissenschaften e.V. (MPG) nimmt den Schutz Ihrer personenbezogenen Daten sehr ernst. Wir verarbeiten personenbezogene Daten, die beim Besuch unserer Webseiten erhoben werden, unter Beachtung der geltenden datenschutzrechtlichen Bestimmungen und grunds\u00e4tzlich nur, soweit dies zur Bereitstellung einer funktionsf\u00e4higen Website sowie unserer Inhalte und &hellip;<\/p>\n","protected":false},"author":1,"featured_media":0,"parent":0,"menu_order":0,"comment_status":"closed","ping_status":"open","template":"","meta":{"footnotes":""},"class_list":["post-3","page","type-page","status-publish","hentry"],"_links":{"self":[{"href":"https:\/\/catalyst-app.org\/index.php?rest_route=\/wp\/v2\/pages\/3","targetHints":{"allow":["GET"]}}],"collection":[{"href":"https:\/\/catalyst-app.org\/index.php?rest_route=\/wp\/v2\/pages"}],"about":[{"href":"https:\/\/catalyst-app.org\/index.php?rest_route=\/wp\/v2\/types\/page"}],"author":[{"embeddable":true,"href":"https:\/\/catalyst-app.org\/index.php?rest_route=\/wp\/v2\/users\/1"}],"replies":[{"embeddable":true,"href":"https:\/\/catalyst-app.org\/index.php?rest_route=%2Fwp%2Fv2%2Fcomments&post=3"}],"version-history":[{"count":4,"href":"https:\/\/catalyst-app.org\/index.php?rest_route=\/wp\/v2\/pages\/3\/revisions"}],"predecessor-version":[{"id":181,"href":"https:\/\/catalyst-app.org\/index.php?rest_route=\/wp\/v2\/pages\/3\/revisions\/181"}],"wp:attachment":[{"href":"https:\/\/catalyst-app.org\/index.php?rest_route=%2Fwp%2Fv2%2Fmedia&parent=3"}],"curies":[{"name":"wp","href":"https:\/\/api.w.org\/{rel}","templated":true}]}}