{"id":15,"date":"2025-02-09T21:58:25","date_gmt":"2025-02-09T20:58:25","guid":{"rendered":"https:\/\/catalyst-app.org\/?page_id=15"},"modified":"2026-01-09T15:55:39","modified_gmt":"2026-01-09T14:55:39","slug":"impressum","status":"publish","type":"page","link":"https:\/\/catalyst-app.org\/?page_id=15","title":{"rendered":"Impressum\/Diensteanbieterkennzeichnung"},"content":{"rendered":"\n<p>Die nachstehenden Informationen enthalten die gesetzlich vorgesehenen Pflichtangaben zur Diensteanbieterkennzeichnung, zu den datenschutzrechtlichen Informationspflichten sowie weitere wichtige rechtliche Hinweise zur Internetpr\u00e4senz <em>https:\/\/catalyst-app.org\/<\/em>.<\/p>\n\n\n\n<p><strong>Diensteanbieter<\/strong><\/p>\n\n\n\n<p>Die Max-Planck-Gesellschaft zur F\u00f6rderung der Wissenschaften e.V.<br>Hofgartenstra\u00dfe 8<br>80539 M\u00fcnchen<br>Telefon: +49 (89) 2108 \u2013 0<br>Internet:&nbsp; <a href=\"http:\/\/www.mpg.de\/\">www.mpg.de<\/a><\/p>\n\n\n\n<p>ist im Rechtssinne Diensteanbieter dieser Internetpr\u00e4senz des<\/p>\n\n\n\n<p>Max-Planck-Institut f\u00fcr Intelligente Systeme<br>Heisenbergstr. 3<br>70569 Stuttgart<br>Telefon: +49(711)689-0<\/p>\n\n\n\n<p><strong>Vereinsregister<\/strong><\/p>\n\n\n\n<p>Die Max-Planck-Gesellschaft ist im Vereinsregister des Amtsgerichts Berlin-Charlottenburg unter der Registernummer VR 13378 B eingetragen.<\/p>\n\n\n\n<p><strong>Vertreter<\/strong><\/p>\n\n\n\n<p>Die Max-Planck-Gesellschaft wird gesetzlich vertreten durch den Vereinsvorstand, und dieser wiederum durch den Pr\u00e4sidenten, Prof. Dr. Patrick Cramer, und die Generalsekret\u00e4rin, Dr. Simone Schwanitz.<\/p>\n\n\n\n<p><strong>Umsatzsteueridentifikationsnummer<\/strong><\/p>\n\n\n\n<p>Die Umsatzsteueridentifikationsnummer der Max-Planck-Gesellschaft lautet: DE 129517720.<\/p>\n\n\n\n<p><strong>Verantwortliche<\/strong><\/p>\n\n\n\n<p><strong>Redaktionsverantwortliche<\/strong><\/p>\n\n\n\n<p>Redaktionsverantwortlicher f\u00fcr die Internetpr\u00e4senz f\u00fcr <em>https:\/\/catalyst-app.org\/<\/em> im Sinne des Presserechts:<\/p>\n\n\n\n<p>Rabanus Derr<br>Universit\u00e4t T\u00fcbingen<br>Maria-von-Linden-Strasse 1<br>72076 T\u00fcbingen<br>E-Mail: info@catalyst-app.org<br><\/p>\n\n\n\n<p><strong>Rechtliche Hinweise zur Organisationsform<\/strong><\/p>\n\n\n\n<p>Die Max-Planck-Gesellschaft ist eine gemeinn\u00fctzige Forschungseinrichtung, die in der Rechtsform eines eingetragenen Vereins organisiert ist. Die Institute und Einrichtungen der Max-Planck-Gesellschaft sind organisatorisch weitgehend selbst\u00e4ndig und haben in der Regel keine eigene Rechtspers\u00f6nlichkeit.<\/p>\n\n\n\n<p><strong>Fremdsprachige Seiten<\/strong><\/p>\n\n\n\n<p>Soweit Teile des Internetauftritts auch in anderen Sprachen als deutsch angeboten werden, ist dies ausschlie\u00dflich ein Service f\u00fcr Mitarbeiter und G\u00e4ste der Max-Planck-Gesellschaft, welche der deutschen Sprache nicht m\u00e4chtig sind.<\/p>\n\n\n\n<p><strong>Rechtliche Hinweise zur Haftung f\u00fcr eigene Inhalte<\/strong><\/p>\n\n\n\n<p>Die Max-Planck-Gesellschaft ist als Dienstanbieterin nach \u00a7 7 Abs. 1 Digital-Dienste-Gesetz&nbsp; f\u00fcr die eigenen Inhalte, die sie zur Nutzung bereith\u00e4lt, nach den allgemeinen Gesetzen verantwortlich. Die Max-Planck-Gesellschaft ist um Richtigkeit und Aktualit\u00e4t der auf dieser Internetpr\u00e4senz bereitgestellten Informationen bem\u00fcht. Trotzdem k\u00f6nnen Fehler und Unklarheiten nicht vollst\u00e4ndig ausgeschlossen werden. Die Max-Planck-Gesellschaft \u00fcbernimmt deshalb keine Gew\u00e4hr f\u00fcr die Aktualit\u00e4t, Richtigkeit, Vollst\u00e4ndigkeit oder Qualit\u00e4t der bereitgestellten Informationen. F\u00fcr Sch\u00e4den materieller oder immaterieller Art, die durch die Nutzung oder Nichtnutzung der dargebotenen Informationen bzw. durch die Nutzung fehlerhafter und unvollst\u00e4ndiger Informationen unmittelbar oder mittelbar verursacht werden, haftet die Max-Planck-Gesellschaft nicht, sofern ihr nicht nachweislich vors\u00e4tzliches oder grob fahrl\u00e4ssiges Verschulden zur Last f\u00e4llt. Gleiches gilt f\u00fcr kostenlos zum Download bereitgehaltene Software. Die Max-Planck-Gesellschaft beh\u00e4lt es sich vor, Teile des Internetangebots oder das gesamte Angebot ohne gesonderte Ank\u00fcndigung zu ver\u00e4ndern, zu erg\u00e4nzen, zu l\u00f6schen oder die Ver\u00f6ffentlichung zeitweise oder endg\u00fcltig einzustellen.<\/p>\n\n\n\n<p><strong>Rechtliche Hinweise zu Verkn\u00fcpfungen auf externe Seiten<\/strong><\/p>\n\n\n\n<p>Auf dieser Internetpr\u00e4senz befinden sich Verkn\u00fcpfungen zu externen Seiten. Diese externen Links sind wie folgt gekennzeichnet: <img decoding=\"async\" src=\"blob:https:\/\/catalyst-app.org\/d6dd4d6a-03d5-47a1-91eb-66ac21c210e7\" alt=\"pastedGraphic.png\">. F\u00fcr die Inhalte der verlinkten externen Seiten ist stets der jeweilige Anbieter verantwortlich. Die Max-Planck-Gesellschaft hat bei der erstmaligen Verkn\u00fcpfung den fremden Inhalt daraufhin \u00fcberpr\u00fcft, ob durch ihn eine m\u00f6gliche zivilrechtliche oder strafrechtliche Verantwortlichkeit ausgel\u00f6st wird. Eine permanente inhaltliche Kontrolle der verkn\u00fcpften externen Seiten ist jedoch ohne konkrete Anhaltspunkte einer Rechtsverletzung nicht zumutbar. Wenn die Max-Planck-Gesellschaft feststellt oder von anderen darauf hingewiesen wird, dass ein externes Angebot, auf das sie per Link verkn\u00fcpft hat, eine zivil- oder strafrechtliche Verantwortlichkeit ausl\u00f6st, wird sie den Link auf dieses Angebot unverz\u00fcglich aufheben. Die Max-Planck-Gesellschaft distanziert sich ausdr\u00fccklich von derartigen Inhalten.<\/p>\n\n\n\n<p><strong>Rechtliche Hinweise zum Urheberrecht<\/strong><\/p>\n\n\n\n<p>Das Layout der Homepage, die verwendeten Grafiken sowie die sonstigen Inhalte der Internetpr\u00e4senz der Max-Planck-Gesellschaft sind urheberrechtlich gesch\u00fctzt.<\/p>\n\n\n\n<p>\u00a9 Max-Planck-Gesellschaft zur F\u00f6rderung der Wissenschaften e.V., M\u00fcnchen. Alle Rechte vorbehalten.<\/p>\n","protected":false},"excerpt":{"rendered":"<p>Die nachstehenden Informationen enthalten die gesetzlich vorgesehenen Pflichtangaben zur Diensteanbieterkennzeichnung, zu den datenschutzrechtlichen Informationspflichten sowie weitere wichtige rechtliche Hinweise zur Internetpr\u00e4senz https:\/\/catalyst-app.org\/. Diensteanbieter Die Max-Planck-Gesellschaft zur F\u00f6rderung der Wissenschaften e.V.Hofgartenstra\u00dfe 880539 M\u00fcnchenTelefon: +49 (89) 2108 \u2013 0Internet:&nbsp; www.mpg.de ist im Rechtssinne Diensteanbieter dieser Internetpr\u00e4senz des Max-Planck-Institut f\u00fcr Intelligente SystemeHeisenbergstr. 370569 &hellip;<\/p>\n","protected":false},"author":1,"featured_media":0,"parent":0,"menu_order":0,"comment_status":"closed","ping_status":"closed","template":"","meta":{"footnotes":""},"class_list":["post-15","page","type-page","status-publish","hentry"],"_links":{"self":[{"href":"https:\/\/catalyst-app.org\/index.php?rest_route=\/wp\/v2\/pages\/15","targetHints":{"allow":["GET"]}}],"collection":[{"href":"https:\/\/catalyst-app.org\/index.php?rest_route=\/wp\/v2\/pages"}],"about":[{"href":"https:\/\/catalyst-app.org\/index.php?rest_route=\/wp\/v2\/types\/page"}],"author":[{"embeddable":true,"href":"https:\/\/catalyst-app.org\/index.php?rest_route=\/wp\/v2\/users\/1"}],"replies":[{"embeddable":true,"href":"https:\/\/catalyst-app.org\/index.php?rest_route=%2Fwp%2Fv2%2Fcomments&post=15"}],"version-history":[{"count":5,"href":"https:\/\/catalyst-app.org\/index.php?rest_route=\/wp\/v2\/pages\/15\/revisions"}],"predecessor-version":[{"id":305,"href":"https:\/\/catalyst-app.org\/index.php?rest_route=\/wp\/v2\/pages\/15\/revisions\/305"}],"wp:attachment":[{"href":"https:\/\/catalyst-app.org\/index.php?rest_route=%2Fwp%2Fv2%2Fmedia&parent=15"}],"curies":[{"name":"wp","href":"https:\/\/api.w.org\/{rel}","templated":true}]}}